{"id":181,"date":"2025-05-30T11:28:26","date_gmt":"2025-05-30T11:28:26","guid":{"rendered":"https:\/\/95vizion.com\/?page_id=181"},"modified":"2025-05-30T21:17:39","modified_gmt":"2025-05-30T21:17:39","slug":"about","status":"publish","type":"page","link":"https:\/\/95vizion.com\/es\/about\/","title":{"rendered":"About"},"content":{"rendered":"<div data-elementor-type=\"wp-page\" data-elementor-id=\"181\" class=\"elementor elementor-181\" data-elementor-post-type=\"page\">\n\t\t\t\t\t\t<section class=\"elementor-section elementor-top-section elementor-element elementor-element-1dd91b12 elementor-section-boxed elementor-section-height-default elementor-section-height-default\" data-id=\"1dd91b12\" data-element_type=\"section\" data-settings=\"{&quot;background_background&quot;:&quot;classic&quot;}\">\n\t\t\t\t\t\t<div class=\"elementor-container elementor-column-gap-default\">\n\t\t\t\t\t<div class=\"elementor-column elementor-col-50 elementor-top-column elementor-element elementor-element-4e31ab7d\" data-id=\"4e31ab7d\" data-element_type=\"column\">\n\t\t\t<div class=\"elementor-widget-wrap elementor-element-populated\">\n\t\t\t\t\t\t<div class=\"elementor-element elementor-element-2b3bef83 elementor-widget elementor-widget-heading\" data-id=\"2b3bef83\" data-element_type=\"widget\" data-widget_type=\"heading.default\">\n\t\t\t\t<div class=\"elementor-widget-container\">\n\t\t\t\t\t<h2 class=\"elementor-heading-title elementor-size-default\">WELCOME TO 95 vizion<\/h2>\t\t\t\t<\/div>\n\t\t\t\t<\/div>\n\t\t\t\t<div class=\"elementor-element elementor-element-2590c22d elementor-widget-divider--view-line elementor-widget elementor-widget-divider\" data-id=\"2590c22d\" data-element_type=\"widget\" data-widget_type=\"divider.default\">\n\t\t\t\t<div class=\"elementor-widget-container\">\n\t\t\t\t\t\t\t<div class=\"elementor-divider\">\n\t\t\t<span class=\"elementor-divider-separator\">\n\t\t\t\t\t\t<\/span>\n\t\t<\/div>\n\t\t\t\t\t\t<\/div>\n\t\t\t\t<\/div>\n\t\t\t\t<div class=\"elementor-element elementor-element-1e377173 elementor-widget elementor-widget-text-editor\" data-id=\"1e377173\" data-element_type=\"widget\" data-widget_type=\"text-editor.default\">\n\t\t\t\t<div class=\"elementor-widget-container\">\n\t\t\t\t\t\t\t\t\t<p>Mi nombre es Josue Marcano. Tengo 30 a\u00f1os y soy de Puerto Rico.<\/p><p>El fitness siempre ha sido parte de mi vida, pero hubo un momento en que me descuid\u00e9. Desde el 2016, la vida se puso dif\u00edcil. En Puerto Rico pasamos por el hurac\u00e1n Mar\u00eda, la pandemia del COVID-19, y hasta una crisis pol\u00edtica donde el pueblo se uni\u00f3 para sacar al gobernador Ricardo Rossell\u00f3. Al mismo tiempo, yo pas\u00e9 por p\u00e9rdidas personales que me afectaron mucho.<\/p><p>En el 2022 hice un viaje a Rep\u00fablica Dominicana que marc\u00f3 un antes y un despu\u00e9s en mi vida. Estaba deprimido, pesando casi 200 libras, y hab\u00eda perdido el deseo de cuidarme. Cuando regres\u00e9, sub\u00ed a\u00fan m\u00e1s de peso. Pero algo dentro de m\u00ed dijo \u201cya basta.\u201d Volv\u00ed al gym\u2014y no he vuelto a mirar atr\u00e1s desde ese d\u00eda.<\/p><p>Hoy el fitness no es solo un estilo de vida, es mi prop\u00f3sito. Quiero ense\u00f1ar que nunca es tarde para ponerse en forma. Que el fitness no tiene que ser complicado. Mi marca, 95 Vizion, representa estilo, disciplina, y sentirse bien mientras te ves bien.<\/p><p>Estoy construyendo un movimiento para transformar vidas, ayudar a la gente a encontrar su mejor versi\u00f3n, y tambi\u00e9n inspirarlos a vestirse mejor, verse m\u00e1s stylish, y llevar su imagen al pr\u00f3ximo nivel. Porque verse bien tambi\u00e9n es parte del cambio.<\/p>\t\t\t\t\t\t\t\t<\/div>\n\t\t\t\t<\/div>\n\t\t\t\t<div class=\"elementor-element elementor-element-50b3b7e elementor-align-left elementor-widget elementor-widget-button\" data-id=\"50b3b7e\" data-element_type=\"widget\" data-widget_type=\"button.default\">\n\t\t\t\t<div class=\"elementor-widget-container\">\n\t\t\t\t\t\t\t\t\t<div class=\"elementor-button-wrapper\">\n\t\t\t\t\t<a class=\"elementor-button elementor-button-link elementor-size-sm\" href=\"#\">\n\t\t\t\t\t\t<span class=\"elementor-button-content-wrapper\">\n\t\t\t\t\t\t<span class=\"elementor-button-icon\">\n\t\t\t\t<svg aria-hidden=\"true\" class=\"e-font-icon-svg e-fas-long-arrow-alt-right\" viewbox=\"0 0 448 512\" xmlns=\"http:\/\/www.w3.org\/2000\/svg\"><path d=\"M313.941 216H12c-6.627 0-12 5.373-12 12v56c0 6.627 5.373 12 12 12h301.941v46.059c0 21.382 25.851 32.09 40.971 16.971l86.059-86.059c9.373-9.373 9.373-24.569 0-33.941l-86.059-86.059c-15.119-15.119-40.971-4.411-40.971 16.971V216z\"><\/path><\/svg>\t\t\t<\/span>\n\t\t\t\t\t\t\t\t\t<span class=\"elementor-button-text\">JOIN NOW<\/span>\n\t\t\t\t\t<\/span>\n\t\t\t\t\t<\/a>\n\t\t\t\t<\/div>\n\t\t\t\t\t\t\t\t<\/div>\n\t\t\t\t<\/div>\n\t\t\t\t<div class=\"elementor-element elementor-element-183a97a0 elementor-widget elementor-widget-spacer\" data-id=\"183a97a0\" data-element_type=\"widget\" data-widget_type=\"spacer.default\">\n\t\t\t\t<div class=\"elementor-widget-container\">\n\t\t\t\t\t\t\t<div class=\"elementor-spacer\">\n\t\t\t<div class=\"elementor-spacer-inner\"><\/div>\n\t\t<\/div>\n\t\t\t\t\t\t<\/div>\n\t\t\t\t<\/div>\n\t\t\t\t\t<\/div>\n\t\t<\/div>\n\t\t\t\t<div class=\"elementor-column elementor-col-50 elementor-top-column elementor-element elementor-element-1ee91c54\" data-id=\"1ee91c54\" data-element_type=\"column\" data-settings=\"{&quot;background_background&quot;:&quot;classic&quot;}\">\n\t\t\t<div class=\"elementor-widget-wrap elementor-element-populated\">\n\t\t\t\t\t\t<div class=\"elementor-element elementor-element-f2d26aa elementor-widget elementor-widget-image\" data-id=\"f2d26aa\" data-element_type=\"widget\" data-widget_type=\"image.default\">\n\t\t\t\t<div class=\"elementor-widget-container\">\n\t\t\t\t\t\t\t\t\t\t\t\t\t\t\t<img fetchpriority=\"high\" decoding=\"async\" width=\"1000\" height=\"666\" src=\"https:\/\/95vizion.com\/wp-content\/uploads\/2025\/05\/man-exercising-with-kettlebell-gym-full-shot.jpg\" class=\"attachment-full size-full wp-image-56\" alt=\"\" srcset=\"https:\/\/95vizion.com\/wp-content\/uploads\/2025\/05\/man-exercising-with-kettlebell-gym-full-shot.jpg 1000w, https:\/\/95vizion.com\/wp-content\/uploads\/2025\/05\/man-exercising-with-kettlebell-gym-full-shot-600x400.jpg 600w, https:\/\/95vizion.com\/wp-content\/uploads\/2025\/05\/man-exercising-with-kettlebell-gym-full-shot-300x200.jpg 300w, https:\/\/95vizion.com\/wp-content\/uploads\/2025\/05\/man-exercising-with-kettlebell-gym-full-shot-768x511.jpg 768w\" sizes=\"(max-width: 1000px) 100vw, 1000px\" \/>\t\t\t\t\t\t\t\t\t\t\t\t\t\t\t<\/div>\n\t\t\t\t<\/div>\n\t\t\t\t\t<\/div>\n\t\t<\/div>\n\t\t\t\t\t<\/div>\n\t\t<\/section>\n\t\t\t\t<\/div>","protected":false},"excerpt":{"rendered":"<p>WELCOME TO 95 vizion My name is Josue Marcano. I\u2019m 30 years old and I\u2019m from Puerto Rico. Fitness has always been part of my life, but at one point, I let myself go. Since 2016, life got tough. Puerto Rico went through Hurricane Mar\u00eda, the COVID-19 pandemic, and even a political uprising where we [&hellip;]<\/p>","protected":false},"author":1,"featured_media":0,"parent":0,"menu_order":0,"comment_status":"closed","ping_status":"closed","template":"","meta":{"footnotes":""},"class_list":["post-181","page","type-page","status-publish","hentry"],"_links":{"self":[{"href":"https:\/\/95vizion.com\/es\/wp-json\/wp\/v2\/pages\/181","targetHints":{"allow":["GET"]}}],"collection":[{"href":"https:\/\/95vizion.com\/es\/wp-json\/wp\/v2\/pages"}],"about":[{"href":"https:\/\/95vizion.com\/es\/wp-json\/wp\/v2\/types\/page"}],"author":[{"embeddable":true,"href":"https:\/\/95vizion.com\/es\/wp-json\/wp\/v2\/users\/1"}],"replies":[{"embeddable":true,"href":"https:\/\/95vizion.com\/es\/wp-json\/wp\/v2\/comments?post=181"}],"version-history":[{"count":25,"href":"https:\/\/95vizion.com\/es\/wp-json\/wp\/v2\/pages\/181\/revisions"}],"predecessor-version":[{"id":225,"href":"https:\/\/95vizion.com\/es\/wp-json\/wp\/v2\/pages\/181\/revisions\/225"}],"wp:attachment":[{"href":"https:\/\/95vizion.com\/es\/wp-json\/wp\/v2\/media?parent=181"}],"curies":[{"name":"wp","href":"https:\/\/api.w.org\/{rel}","templated":true}]}}